{"id":820,"date":"2021-02-24T15:34:47","date_gmt":"2021-02-24T14:34:47","guid":{"rendered":"http:\/\/aiguillages.brussels\/?page_id=820"},"modified":"2026-04-13T15:11:56","modified_gmt":"2026-04-13T13:11:56","slug":"logement-social-agences-immobilieres-sociales","status":"publish","type":"page","link":"https:\/\/aiguillages.brussels\/logement-social-agences-immobilieres-sociales\/","title":{"rendered":"Logement"},"content":{"rendered":"<div class=\"wp-block-image\">\n<figure class=\"aligncenter size-large\"><img fetchpriority=\"high\" decoding=\"async\" width=\"1024\" height=\"128\" src=\"https:\/\/aiguillages.brussels\/wp-content\/uploads\/2018\/02\/photo-entete-1024x128.jpg\" alt=\"\" class=\"wp-image-310\" srcset=\"https:\/\/aiguillages.brussels\/wp-content\/uploads\/2018\/02\/photo-entete-1024x128.jpg 1024w, https:\/\/aiguillages.brussels\/wp-content\/uploads\/2018\/02\/photo-entete-300x37.jpg 300w, https:\/\/aiguillages.brussels\/wp-content\/uploads\/2018\/02\/photo-entete-768x96.jpg 768w, https:\/\/aiguillages.brussels\/wp-content\/uploads\/2018\/02\/photo-entete.jpg 1500w\" sizes=\"(max-width: 1024px) 100vw, 1024px\" \/><\/figure>\n<\/div>\n\n\n<div style=\"height:61px\" aria-hidden=\"true\" class=\"wp-block-spacer\"><\/div>\n\n\n\n<h2 class=\"wp-block-heading has-text-color has-link-color wp-elements-988025e9dcabe15f17104e9a48c04984\" style=\"color:#112091\"><strong><mark style=\"background-color:rgba(0, 0, 0, 0);color:#112091\" class=\"has-inline-color\">Logements priv\u00e9s<\/mark><\/strong><\/h2>\n\n\n\n<p class=\"has-text-color has-link-color wp-elements-0388f190a71ae9cbe447598655d7075a\" style=\"color:#140768\">Proc\u00e9dure d&rsquo;expulsion: <a href=\"https:\/\/logement.brussels\/reforme-de-la-procedure-dexpulsion\" target=\"_blank\" rel=\"noreferrer noopener nofollow\">https:\/\/logement.brussels\/reforme-de-la-procedure-dexpulsion<\/a><\/p>\n\n\n\n<p class=\"has-text-color has-link-color wp-elements-f8943a12058b24a50d964cd1ebe1c80e\" style=\"color:#140768\">Ordonnance sur les r\u00e8gles d&rsquo;expulsion: <a href=\"https:\/\/etaamb.openjustice.be\/fr\/ordonnance-du-22-juin-2023_n2023043965.html\" target=\"_blank\" rel=\"noreferrer noopener nofollow\"><strong>Ordonnance ins\u00e9rant dans le Code bruxellois du Logement les r\u00e8gles de proc\u00e9dure applicables aux expulsions judiciaire et modifiant les moyens affect\u00e9s par et au profit du Fonds budg\u00e9taire de solidarit\u00e9<\/strong><\/a><\/p>\n\n\n\n<p><\/p>\n\n\n\n<div style=\"height:39px\" aria-hidden=\"true\" class=\"wp-block-spacer\"><\/div>\n\n\n\n<h2 class=\"wp-block-heading\"><strong><mark style=\"background-color:rgba(0, 0, 0, 0);color:#112091\" class=\"has-inline-color\">Logements sociaux<\/mark><\/strong><\/h2>\n\n\n\n<p class=\"has-text-color has-link-color wp-elements-1e33cf55d856e33c3b69a8866a7dd810\" style=\"color:#140768\">Les&nbsp;logements sociaux&nbsp;sont destin\u00e9s aux personnes isol\u00e9es ou aux m\u00e9nages ayant des revenus modestes. La location ou l&rsquo;achat d&rsquo;une habitation de bonne qualit\u00e9 n&rsquo;est vraiment pas bon march\u00e9 et est loin d&rsquo;\u00eatre accessible pour de nombreuses personnes.<\/p>\n\n\n\n<p><\/p>\n\n\n\n<div style=\"height:39px\" aria-hidden=\"true\" class=\"wp-block-spacer\"><\/div>\n\n\n\n<h2 class=\"wp-block-heading\"><strong><mark style=\"background-color:rgba(0, 0, 0, 0);color:#112091\" class=\"has-inline-color\">Agences Immobili\u00e8res Sociales<\/mark><span style=\"color:#0071a1\" class=\"has-inline-color\"> : <\/span><\/strong><a href=\"https:\/\/www.fedais.be\/\" target=\"_blank\" rel=\"noreferrer noopener nofollow\">https:\/\/www.fedais.be\/<\/a><\/h2>\n\n\n\n<p class=\"has-text-color has-link-color wp-elements-038fb1a0f3de2109379b2ed8156c1ce4\" style=\"color:#140768\">Les Agences Immobili\u00e8res Sociales (AIS) sont des asbl reconnues, agr\u00e9\u00e9es et subsidi\u00e9es par la R\u00e9gion de Bruxelles-Capitale. Elles ont pour mission de socialiser une partie du march\u00e9 locatif bruxellois. Elles g\u00e8rent la location de logements qui appartiennent principalement \u00e0 des propri\u00e9taires priv\u00e9s et les mettent en location \u00e0 un prix abordable, \u00e0 destination de m\u00e9nages \u00e0 revenus modestes. I\u00e7i la <span style=\"color: #0000ff;\"><strong><a href=\"https:\/\/www.fedais.be\/liste-des-ais-membres\" target=\"_blank\" rel=\"noreferrer noopener nofollow\"><span style=\"color:#0071a1\" class=\"has-inline-color\">Liste des agences immobili\u00e8res sociales \u00e0 Bruxelle<\/span><\/a><\/strong><\/span>s<\/p>\n\n\n\n<div style=\"height:39px\" aria-hidden=\"true\" class=\"wp-block-spacer\"><\/div>\n\n\n\n<h2 class=\"wp-block-heading\"> <strong><mark style=\"background-color:rgba(0, 0, 0, 0);color:#112091\" class=\"has-inline-color\">Outils d&rsquo;aide au logement:<\/mark><\/strong> <a href=\"http:\/\/habitools.be\/\" target=\"_blank\" rel=\"noreferrer noopener nofollow\">http:\/\/habitools.be\/<\/a><\/h2>\n\n\n\n<div style=\"height:39px\" aria-hidden=\"true\" class=\"wp-block-spacer\"><\/div>\n\n\n\n<h2 class=\"wp-block-heading\"><mark style=\"background-color:rgba(0, 0, 0, 0);color:#112091\" class=\"has-inline-color\"><strong>Homegrade<\/strong>:<\/mark> <a href=\"https:\/\/homegrade.brussels\">https:\/\/homegrade.brussels<\/a><\/h2>\n\n\n\n<p>Centre de conseil et d\u2019accompagnement sur le logement en R\u00e9gion de Bruxelles-Capitale. Il s\u2019adresse \u00e0 tous les m\u00e9nages,&nbsp;locataires et propri\u00e9taires, qui d\u00e9sirent&nbsp;am\u00e9liorer la qualit\u00e9 de leurs logements. Il est soutenu par<strong>&nbsp;<a href=\"https:\/\/environnement.brussels\/\" target=\"_blank\" rel=\"noreferrer noopener nofollow\">Bruxelles Environnement<\/a><\/strong>&nbsp;et la&nbsp;<strong><a href=\"http:\/\/be.brussels\/\" target=\"_blank\" rel=\"noreferrer noopener nofollow\">R\u00e9gion de Bruxelles-Capitale<\/a>.<\/strong><\/p>\n\n\n\n<div style=\"height:100px\" aria-hidden=\"true\" class=\"wp-block-spacer\"><\/div>\n\n\n\n<p class=\"has-text-color has-link-color wp-elements-aaa48dc10317ad351752316a64bbe711\" style=\"color:#140768\"><a href=\"https:\/\/aiguillages.brussels\/\" data-type=\"page\" data-id=\"50\">&gt;&gt;&gt; Accueil<\/a><\/p>\n\n\n\n<p><\/p>\n","protected":false},"excerpt":{"rendered":"<p>Logements priv\u00e9s Proc\u00e9dure d&rsquo;expulsion: https:\/\/logement.brussels\/reforme-de-la-procedure-dexpulsion Ordonnance sur les r\u00e8gles d&rsquo;expulsion: Ordonnance ins\u00e9rant dans le Code bruxellois du Logement les r\u00e8gles de proc\u00e9dure applicables aux expulsions judiciaire et modifiant les moyens affect\u00e9s par et au profit du Fonds budg\u00e9taire de solidarit\u00e9 Logements sociaux Les&nbsp;logements sociaux&nbsp;sont destin\u00e9s aux personnes isol\u00e9es ou aux m\u00e9nages ayant des revenus modestes. [&hellip;]<\/p>\n","protected":false},"author":1,"featured_media":0,"parent":0,"menu_order":0,"comment_status":"closed","ping_status":"closed","template":"","meta":{"footnotes":""},"class_list":["post-820","page","type-page","status-publish","hentry"],"_links":{"self":[{"href":"https:\/\/aiguillages.brussels\/wp-json\/wp\/v2\/pages\/820","targetHints":{"allow":["GET"]}}],"collection":[{"href":"https:\/\/aiguillages.brussels\/wp-json\/wp\/v2\/pages"}],"about":[{"href":"https:\/\/aiguillages.brussels\/wp-json\/wp\/v2\/types\/page"}],"author":[{"embeddable":true,"href":"https:\/\/aiguillages.brussels\/wp-json\/wp\/v2\/users\/1"}],"replies":[{"embeddable":true,"href":"https:\/\/aiguillages.brussels\/wp-json\/wp\/v2\/comments?post=820"}],"version-history":[{"count":35,"href":"https:\/\/aiguillages.brussels\/wp-json\/wp\/v2\/pages\/820\/revisions"}],"predecessor-version":[{"id":1866,"href":"https:\/\/aiguillages.brussels\/wp-json\/wp\/v2\/pages\/820\/revisions\/1866"}],"wp:attachment":[{"href":"https:\/\/aiguillages.brussels\/wp-json\/wp\/v2\/media?parent=820"}],"curies":[{"name":"wp","href":"https:\/\/api.w.org\/{rel}","templated":true}]}}