{"id":50,"date":"2018-02-09T10:57:56","date_gmt":"2018-02-09T09:57:56","guid":{"rendered":"http:\/\/aiguillages.brussels\/?page_id=50"},"modified":"2026-04-02T12:00:54","modified_gmt":"2026-04-02T10:00:54","slug":"accueil","status":"publish","type":"page","link":"https:\/\/aiguillages.brussels\/","title":{"rendered":"Accueil"},"content":{"rendered":"\n<h4 class=\"wp-block-heading has-text-align-left\"><strong>\u00ab&nbsp;Tout groupe humain prend sa richesse dans la communication, l\u2019entraide et la solidarit\u00e9 visant \u00e0 un but commun l\u2019\u00e9panouissement de chacun dans le respect des diff\u00e9rences. \u00bb (Fran\u00e7oise Dolto)<\/strong><\/h4>\n\n\n<p><span style=\"color: #000080;\">Aiguillages aide les personnes qui rencontrent des difficult\u00e9s d&rsquo;ordre administratif :<\/span><\/p>\n<ul>\n<li><span style=\"color: #000080;\">aide administrative ponctuelle<\/span><\/li>\n<li><span style=\"color: #000080;\">courrier \u00e0 r\u00e9diger,<\/span><\/li>\n<li><span style=\"color: #000080;\">aide \u00e0 la compr\u00e9hension de courrier\u00a0<\/span><\/li>\n<li><span style=\"color: #000080;\">r\u00e9daction d&#8217;emails et formulaires \u00e9lectroniques sur sites internet<\/span><\/li>\n<li><span style=\"color: #000080;\">r\u00e9daction de curriculum vitae et de lettres de motivation<\/span><\/li>\n<li><span style=\"color: #000080;\">d\u00e9claration d&rsquo;imp\u00f4ts pour les personnes n&rsquo;ayant pas le statut d&rsquo;ind\u00e9pendant<\/span><\/li>\n<li><span style=\"color: #000080;\">probl\u00e8mes li\u00e9s aux difficult\u00e9s de paiement, d&rsquo;endettement ou surendettement<\/span><\/li>\n<li><span style=\"color: #000080;\">probl\u00e8mes li\u00e9s au logement<\/span><\/li>\n<li><span style=\"color: #000080;\">probl\u00e8mes li\u00e9s aux \u00e9nergies (\u00e9lectricit\u00e9, gaz, eau)<\/span><\/li>\n<li><span style=\"color: #000080;\">probl\u00e8mes li\u00e9s aux mutuelles<\/span><\/li>\n<li><span style=\"color: #000080;\">probl\u00e8mes li\u00e9s aux allocations familiales et allocations d&rsquo;\u00e9tudes<\/span><\/li>\n<\/ul>\n<p><span style=\"color: #000080;\">Nos <strong>permanences, sans rendez-vous<\/strong>, sont ouvertes \u00e0 <strong>toute personne en difficult\u00e9 administrative, sans restriction de statut familial ou soci\u00e9tal. <\/strong>Elles fonctionnent avec une \u00e9quipe de <strong>b\u00e9n\u00e9voles<\/strong>\u00a0qui se relayent trois demi-jours par semaine.\u00a0Tous nos services sont <strong>gratuits<\/strong>.<\/span><\/p>\n\n\n<ul><\/ul>\n\n\n\n<ul><\/ul>\n\n\n\n<p><\/p>\n","protected":false},"excerpt":{"rendered":"<div class=\"slide-text-bg2\"><span>\u00ab&nbsp;Tout groupe humain prend sa richesse dans la communication, l\u2019entraide et la solidarit\u00e9 visant \u00e0 un but commun l\u2019\u00e9panouissement de chacun da<\/span><\/div>\n<div class=\"slide-btn-area-sm\"><a href=\"https:\/\/aiguillages.brussels\/\" class=\"slide-btn-sm\">Lire la suite<\/a><\/div>\n","protected":false},"author":1,"featured_media":0,"parent":0,"menu_order":0,"comment_status":"closed","ping_status":"closed","template":"","meta":{"footnotes":""},"_links":{"self":[{"href":"https:\/\/aiguillages.brussels\/index.php?rest_route=\/wp\/v2\/pages\/50"}],"collection":[{"href":"https:\/\/aiguillages.brussels\/index.php?rest_route=\/wp\/v2\/pages"}],"about":[{"href":"https:\/\/aiguillages.brussels\/index.php?rest_route=\/wp\/v2\/types\/page"}],"author":[{"embeddable":true,"href":"https:\/\/aiguillages.brussels\/index.php?rest_route=\/wp\/v2\/users\/1"}],"replies":[{"embeddable":true,"href":"https:\/\/aiguillages.brussels\/index.php?rest_route=%2Fwp%2Fv2%2Fcomments&post=50"}],"version-history":[{"count":108,"href":"https:\/\/aiguillages.brussels\/index.php?rest_route=\/wp\/v2\/pages\/50\/revisions"}],"predecessor-version":[{"id":1289,"href":"https:\/\/aiguillages.brussels\/index.php?rest_route=\/wp\/v2\/pages\/50\/revisions\/1289"}],"wp:attachment":[{"href":"https:\/\/aiguillages.brussels\/index.php?rest_route=%2Fwp%2Fv2%2Fmedia&parent=50"}],"curies":[{"name":"wp","href":"https:\/\/api.w.org\/{rel}","templated":true}]}}