{"id":337,"date":"2018-02-24T11:36:11","date_gmt":"2018-02-24T10:36:11","guid":{"rendered":"http:\/\/aiguillages.brussels\/?page_id=337"},"modified":"2026-03-27T18:21:11","modified_gmt":"2026-03-27T17:21:11","slug":"animateurs","status":"publish","type":"page","link":"https:\/\/aiguillages.brussels\/?page_id=337","title":{"rendered":"Animateurs"},"content":{"rendered":"<p><span style=\"color: #000080;\">Les permanences d&rsquo; <em><strong>Aiguillages<\/strong><\/em> fonctionnent avec une \u00e9quipe de <strong>b\u00e9n\u00e9voles<\/strong> qui se relayent trois demi-jours par semaine. \u00a0 <\/span><\/p>\n<p><span style=\"color: #000080;\">Tous les b\u00e9n\u00e9voles suivent une formation continue.<\/span><\/p>\n","protected":false},"excerpt":{"rendered":"<div class=\"slide-text-bg2\"><span>Les permanences d&rsquo; Aiguillages fonctionnent avec une \u00e9quipe de b\u00e9n\u00e9voles qui se relayent trois demi-jours par semaine. \u00a0 Tous les b\u00e9n\u00e9voles sui<\/span><\/div>\n<div class=\"slide-btn-area-sm\"><a href=\"https:\/\/aiguillages.brussels\/?page_id=337\" class=\"slide-btn-sm\">Lire la suite<\/a><\/div>\n","protected":false},"author":1,"featured_media":0,"parent":0,"menu_order":0,"comment_status":"closed","ping_status":"closed","template":"","meta":{"footnotes":""},"_links":{"self":[{"href":"https:\/\/aiguillages.brussels\/index.php?rest_route=\/wp\/v2\/pages\/337"}],"collection":[{"href":"https:\/\/aiguillages.brussels\/index.php?rest_route=\/wp\/v2\/pages"}],"about":[{"href":"https:\/\/aiguillages.brussels\/index.php?rest_route=\/wp\/v2\/types\/page"}],"author":[{"embeddable":true,"href":"https:\/\/aiguillages.brussels\/index.php?rest_route=\/wp\/v2\/users\/1"}],"replies":[{"embeddable":true,"href":"https:\/\/aiguillages.brussels\/index.php?rest_route=%2Fwp%2Fv2%2Fcomments&post=337"}],"version-history":[{"count":8,"href":"https:\/\/aiguillages.brussels\/index.php?rest_route=\/wp\/v2\/pages\/337\/revisions"}],"predecessor-version":[{"id":1141,"href":"https:\/\/aiguillages.brussels\/index.php?rest_route=\/wp\/v2\/pages\/337\/revisions\/1141"}],"wp:attachment":[{"href":"https:\/\/aiguillages.brussels\/index.php?rest_route=%2Fwp%2Fv2%2Fmedia&parent=337"}],"curies":[{"name":"wp","href":"https:\/\/api.w.org\/{rel}","templated":true}]}}